{"id":65,"date":"2024-11-26T18:52:52","date_gmt":"2024-11-26T18:52:52","guid":{"rendered":"https:\/\/musikservice-breuer.de\/?page_id=65"},"modified":"2025-11-19T16:37:45","modified_gmt":"2025-11-19T16:37:45","slug":"bildschirmanlage","status":"publish","type":"page","link":"https:\/\/musikservice-breuer.de\/?page_id=65","title":{"rendered":"Bildschirmanlage"},"content":{"rendered":"\t\t<div data-elementor-type=\"wp-page\" data-elementor-id=\"65\" class=\"elementor elementor-65\" data-elementor-post-type=\"page\">\n\t\t\t\t<div class=\"elementor-element elementor-element-6a1a2ba e-flex e-con-boxed e-con e-parent\" data-id=\"6a1a2ba\" data-element_type=\"container\" data-settings=\"{&quot;background_background&quot;:&quot;classic&quot;}\">\n\t\t\t\t\t<div class=\"e-con-inner\">\n\t\t\t\t<div class=\"elementor-element elementor-element-5c06671 elementor-widget elementor-widget-heading\" data-id=\"5c06671\" data-element_type=\"widget\" data-widget_type=\"heading.default\">\n\t\t\t\t<div class=\"elementor-widget-container\">\n\t\t\t\t\t<h2 class=\"elementor-heading-title elementor-size-default\"> \nDer DJ und Moderator Wolfgang Breuer\nist mit seiner innovativen Bildschirmanlage in Norddeutschland unterwegs.<\/h2>\t\t\t\t<\/div>\n\t\t\t\t<\/div>\n\t\t\t\t<div class=\"elementor-element elementor-element-5096dbf elementor-widget elementor-widget-heading\" data-id=\"5096dbf\" data-element_type=\"widget\" data-widget_type=\"heading.default\">\n\t\t\t\t<div class=\"elementor-widget-container\">\n\t\t\t\t\t<h2 class=\"elementor-heading-title elementor-size-default\">Informationen zum Skypen.<\/h2>\t\t\t\t<\/div>\n\t\t\t\t<\/div>\n\t\t\t\t<div class=\"elementor-element elementor-element-c0dc63e elementor-widget elementor-widget-text-editor\" data-id=\"c0dc63e\" data-element_type=\"widget\" data-widget_type=\"text-editor.default\">\n\t\t\t\t<div class=\"elementor-widget-container\">\n\t\t\t\t\t\t\t\t\t<p>Neu f\u00fcr Veranstaltungen ist die M\u00f6glichkeit, per Video-Chat bzw. Skype das Bildtelefonieren zu erm\u00f6glichen. Der Anrufer wird auf dem Bildschirm\u00a0\u00a0\u00a0\u00a0\u00a0\u00a0\u00a0\u00a0\u00a0\u00a0 gezeigt und sieht \u00fcber meine Kamera ins Publikum. Bei Stadt- oder Sch\u00fctzenfesten usw. k\u00f6nnen K\u00fcnstler ihre Gru\u00dfbotschaften schicken.<\/p><p>Das ist Werbung f\u00fcr alle und eine bleibende Erinnerung f\u00fcr die G\u00e4ste.<\/p>\t\t\t\t\t\t\t\t<\/div>\n\t\t\t\t<\/div>\n\t\t\t\t<div class=\"elementor-element elementor-element-b08acbb elementor-widget elementor-widget-heading\" data-id=\"b08acbb\" data-element_type=\"widget\" data-widget_type=\"heading.default\">\n\t\t\t\t<div class=\"elementor-widget-container\">\n\t\t\t\t\t<h2 class=\"elementor-heading-title elementor-size-default\">Bildschirmanlage f\u00fcr ein Familienfest.<\/h2>\t\t\t\t<\/div>\n\t\t\t\t<\/div>\n\t\t\t\t<div class=\"elementor-element elementor-element-44e4bab elementor-widget elementor-widget-text-editor\" data-id=\"44e4bab\" data-element_type=\"widget\" data-widget_type=\"text-editor.default\">\n\t\t\t\t<div class=\"elementor-widget-container\">\n\t\t\t\t\t\t\t\t\t<p><strong>\u00a0\u00a0 \u00a0 \u00a0 \u00a0 \u00a0 \u00a0 \u00a0 \u00a0 \u00a0 \u00a0 \u00a0 \u00a0 \u00a0 \u00a0 \u00a0 \u00a0 \u00a0 \u00a0 \u00a0 \u00a0 \u00a0 \u00a0 \u00a0 \u00a0 \u00a0 \u00a0 \u00a0 \u00a0 \u00a0 \u00a0 \u00a0 Gro\u00dfartige neue Entertaining-Mo\u0308glichkeiten per Live-Text-Funktion.<\/strong><\/p>\t\t\t\t\t\t\t\t<\/div>\n\t\t\t\t<\/div>\n\t\t\t\t<div class=\"elementor-element elementor-element-4982882 elementor-widget elementor-widget-text-editor\" data-id=\"4982882\" data-element_type=\"widget\" data-widget_type=\"text-editor.default\">\n\t\t\t\t<div class=\"elementor-widget-container\">\n\t\t\t\t\t\t\t\t\t<p>Seit 2018 arbeite ich auf Familienfesten mit meiner Bildschirmanlage. Es l\u00e4uft eine Diashow mit Hinweisen auf Musikw\u00fcnsche, stimmungsvollen Bildern und meiner Handynummer. Schon vor oder w\u00e4hrend einer z.B. laufenden Hochzeitsfeier k\u00f6nnen die G\u00e4ste mir Bilder aus der Kirche, vom Standesamt usw. per WhatsApp-Nachricht senden. Diese Bilder werden sofort in die laufende Diashow \u00fcbernommen.\u00a0\u00a0\u00a0\u00a0\u00a0\u00a0\u00a0\u00a0\u00a0\u00a0\u00a0\u00a0\u00a0\u00a0\u00a0\u00a0\u00a0\u00a0\u00a0\u00a0\u00a0\u00a0\u00a0\u00a0\u00a0\u00a0\u00a0\u00a0\u00a0\u00a0\u00a0\u00a0\u00a0\u00a0\u00a0\u00a0<\/p><p>Der Musikservice Breuer freut sich auf viele Anfragen und Gespr\u00e4che \u00fcber weitere Einsatzm\u00f6glichkeiten.<\/p>\t\t\t\t\t\t\t\t<\/div>\n\t\t\t\t<\/div>\n\t\t\t\t<div class=\"elementor-element elementor-element-456b0f8 elementor-widget elementor-widget-image\" data-id=\"456b0f8\" data-element_type=\"widget\" data-widget_type=\"image.default\">\n\t\t\t\t<div class=\"elementor-widget-container\">\n\t\t\t\t\t\t\t\t\t\t\t\t\t\t\t<img fetchpriority=\"high\" decoding=\"async\" width=\"800\" height=\"600\" src=\"https:\/\/musikservice-breuer.de\/wp-content\/uploads\/2025\/01\/A-Text-Flyer-Bildschirmanlage-2020-1024x768.jpg\" class=\"attachment-large size-large wp-image-372\" alt=\"\" srcset=\"https:\/\/musikservice-breuer.de\/wp-content\/uploads\/2025\/01\/A-Text-Flyer-Bildschirmanlage-2020-1024x768.jpg 1024w, https:\/\/musikservice-breuer.de\/wp-content\/uploads\/2025\/01\/A-Text-Flyer-Bildschirmanlage-2020-300x225.jpg 300w, https:\/\/musikservice-breuer.de\/wp-content\/uploads\/2025\/01\/A-Text-Flyer-Bildschirmanlage-2020-768x576.jpg 768w, https:\/\/musikservice-breuer.de\/wp-content\/uploads\/2025\/01\/A-Text-Flyer-Bildschirmanlage-2020-1536x1152.jpg 1536w, https:\/\/musikservice-breuer.de\/wp-content\/uploads\/2025\/01\/A-Text-Flyer-Bildschirmanlage-2020-2048x1536.jpg 2048w\" sizes=\"(max-width: 800px) 100vw, 800px\" \/>\t\t\t\t\t\t\t\t\t\t\t\t\t\t\t<\/div>\n\t\t\t\t<\/div>\n\t\t\t\t<div class=\"elementor-element elementor-element-878f858 elementor-widget elementor-widget-heading\" data-id=\"878f858\" data-element_type=\"widget\" data-widget_type=\"heading.default\">\n\t\t\t\t<div class=\"elementor-widget-container\">\n\t\t\t\t\t<h2 class=\"elementor-heading-title elementor-size-default\">Bildschirmanlage auf der B\u00fchne<\/h2>\t\t\t\t<\/div>\n\t\t\t\t<\/div>\n\t\t\t\t<div class=\"elementor-element elementor-element-6607836 elementor-widget elementor-widget-image\" data-id=\"6607836\" data-element_type=\"widget\" data-widget_type=\"image.default\">\n\t\t\t\t<div class=\"elementor-widget-container\">\n\t\t\t\t\t\t\t\t\t\t\t\t\t\t\t<img decoding=\"async\" width=\"800\" height=\"502\" src=\"https:\/\/musikservice-breuer.de\/wp-content\/uploads\/2024\/11\/Holstenkoeste-Buehne-Wolfgang-Text-1024x642.jpg\" class=\"attachment-large size-large wp-image-31\" alt=\"\" srcset=\"https:\/\/musikservice-breuer.de\/wp-content\/uploads\/2024\/11\/Holstenkoeste-Buehne-Wolfgang-Text-1024x642.jpg 1024w, https:\/\/musikservice-breuer.de\/wp-content\/uploads\/2024\/11\/Holstenkoeste-Buehne-Wolfgang-Text-300x188.jpg 300w, https:\/\/musikservice-breuer.de\/wp-content\/uploads\/2024\/11\/Holstenkoeste-Buehne-Wolfgang-Text-768x482.jpg 768w, https:\/\/musikservice-breuer.de\/wp-content\/uploads\/2024\/11\/Holstenkoeste-Buehne-Wolfgang-Text.jpg 1159w\" sizes=\"(max-width: 800px) 100vw, 800px\" \/>\t\t\t\t\t\t\t\t\t\t\t\t\t\t\t<\/div>\n\t\t\t\t<\/div>\n\t\t\t\t<div class=\"elementor-element elementor-element-e1dd39c elementor-widget elementor-widget-text-editor\" data-id=\"e1dd39c\" data-element_type=\"widget\" data-widget_type=\"text-editor.default\">\n\t\t\t\t<div class=\"elementor-widget-container\">\n\t\t\t\t\t\t\t\t\t<p>Auf der Bu\u0308hne fu\u0308r Redner, Ku\u0308nstler oder eine Band steht rechts und links ein Bildschirm. So ko\u0308nnen die Akteure auch einmal von nahen betrachtet werden.<br \/>Ein Redner vor oder hinter dem Rednerpult wird live auf die Bildschirme u\u0308bertragen. Mo\u0308chte der Redner seine Unterlagen zeigen, kein Problem. Es wird mit Telefon\/Tablet gearbeitet und so kann ein Text oder auch ein Bild gezoomt werden.<\/p>\t\t\t\t\t\t\t\t<\/div>\n\t\t\t\t<\/div>\n\t\t\t\t<div class=\"elementor-element elementor-element-e60a76b elementor-widget elementor-widget-heading\" data-id=\"e60a76b\" data-element_type=\"widget\" data-widget_type=\"heading.default\">\n\t\t\t\t<div class=\"elementor-widget-container\">\n\t\t\t\t\t<h2 class=\"elementor-heading-title elementor-size-default\">Aufbau der Bildschirmanlage.<\/h2>\t\t\t\t<\/div>\n\t\t\t\t<\/div>\n\t\t\t\t\t<\/div>\n\t\t\t\t<\/div>\n\t\t<div class=\"elementor-element elementor-element-da69802 e-grid e-con-boxed e-con e-parent\" data-id=\"da69802\" data-element_type=\"container\" data-settings=\"{&quot;background_background&quot;:&quot;classic&quot;}\">\n\t\t\t\t\t<div class=\"e-con-inner\">\n\t\t<div class=\"elementor-element elementor-element-5aef98f e-con-full e-flex e-con e-child\" data-id=\"5aef98f\" data-element_type=\"container\">\n\t\t\t\t<div class=\"elementor-element elementor-element-636ea79 elementor-widget elementor-widget-image\" data-id=\"636ea79\" data-element_type=\"widget\" data-widget_type=\"image.default\">\n\t\t\t\t<div class=\"elementor-widget-container\">\n\t\t\t\t\t\t\t\t\t\t\t\t\t\t\t<img decoding=\"async\" width=\"800\" height=\"450\" src=\"https:\/\/musikservice-breuer.de\/wp-content\/uploads\/2024\/11\/Disco-Boel-20230708_223940-1024x576.jpg\" class=\"attachment-large size-large wp-image-27\" alt=\"\" srcset=\"https:\/\/musikservice-breuer.de\/wp-content\/uploads\/2024\/11\/Disco-Boel-20230708_223940-1024x576.jpg 1024w, https:\/\/musikservice-breuer.de\/wp-content\/uploads\/2024\/11\/Disco-Boel-20230708_223940-300x169.jpg 300w, https:\/\/musikservice-breuer.de\/wp-content\/uploads\/2024\/11\/Disco-Boel-20230708_223940-768x432.jpg 768w, https:\/\/musikservice-breuer.de\/wp-content\/uploads\/2024\/11\/Disco-Boel-20230708_223940-1536x864.jpg 1536w, https:\/\/musikservice-breuer.de\/wp-content\/uploads\/2024\/11\/Disco-Boel-20230708_223940-2048x1152.jpg 2048w\" sizes=\"(max-width: 800px) 100vw, 800px\" \/>\t\t\t\t\t\t\t\t\t\t\t\t\t\t\t<\/div>\n\t\t\t\t<\/div>\n\t\t\t\t<\/div>\n\t\t<div class=\"elementor-element elementor-element-a0aae99 e-con-full e-flex e-con e-child\" data-id=\"a0aae99\" data-element_type=\"container\">\n\t\t\t\t<div class=\"elementor-element elementor-element-07dea10 elementor-widget elementor-widget-image\" data-id=\"07dea10\" data-element_type=\"widget\" data-widget_type=\"image.default\">\n\t\t\t\t<div class=\"elementor-widget-container\">\n\t\t\t\t\t\t\t\t\t\t\t\t\t\t\t<img loading=\"lazy\" decoding=\"async\" width=\"800\" height=\"534\" src=\"https:\/\/musikservice-breuer.de\/wp-content\/uploads\/2024\/11\/ABild-Flyer-Bildschirmanlage-2020-1024x683.jpg\" class=\"attachment-large size-large wp-image-24\" alt=\"\" srcset=\"https:\/\/musikservice-breuer.de\/wp-content\/uploads\/2024\/11\/ABild-Flyer-Bildschirmanlage-2020-1024x683.jpg 1024w, https:\/\/musikservice-breuer.de\/wp-content\/uploads\/2024\/11\/ABild-Flyer-Bildschirmanlage-2020-300x200.jpg 300w, https:\/\/musikservice-breuer.de\/wp-content\/uploads\/2024\/11\/ABild-Flyer-Bildschirmanlage-2020-768x512.jpg 768w, https:\/\/musikservice-breuer.de\/wp-content\/uploads\/2024\/11\/ABild-Flyer-Bildschirmanlage-2020-1536x1024.jpg 1536w, https:\/\/musikservice-breuer.de\/wp-content\/uploads\/2024\/11\/ABild-Flyer-Bildschirmanlage-2020-2048x1365.jpg 2048w\" sizes=\"(max-width: 800px) 100vw, 800px\" \/>\t\t\t\t\t\t\t\t\t\t\t\t\t\t\t<\/div>\n\t\t\t\t<\/div>\n\t\t\t\t<\/div>\n\t\t<div class=\"elementor-element elementor-element-ff17670 e-con-full e-flex e-con e-child\" data-id=\"ff17670\" data-element_type=\"container\">\n\t\t\t\t<div class=\"elementor-element elementor-element-950313f elementor-widget elementor-widget-image\" data-id=\"950313f\" data-element_type=\"widget\" data-widget_type=\"image.default\">\n\t\t\t\t<div class=\"elementor-widget-container\">\n\t\t\t\t\t\t\t\t\t\t\t\t\t\t\t<img loading=\"lazy\" decoding=\"async\" width=\"800\" height=\"450\" src=\"https:\/\/musikservice-breuer.de\/wp-content\/uploads\/2025\/03\/20220702_175120-1024x576.jpg\" class=\"attachment-large size-large wp-image-709\" alt=\"\" srcset=\"https:\/\/musikservice-breuer.de\/wp-content\/uploads\/2025\/03\/20220702_175120-1024x576.jpg 1024w, https:\/\/musikservice-breuer.de\/wp-content\/uploads\/2025\/03\/20220702_175120-300x169.jpg 300w, https:\/\/musikservice-breuer.de\/wp-content\/uploads\/2025\/03\/20220702_175120-768x432.jpg 768w, https:\/\/musikservice-breuer.de\/wp-content\/uploads\/2025\/03\/20220702_175120-1536x864.jpg 1536w, https:\/\/musikservice-breuer.de\/wp-content\/uploads\/2025\/03\/20220702_175120-2048x1152.jpg 2048w\" sizes=\"(max-width: 800px) 100vw, 800px\" \/>\t\t\t\t\t\t\t\t\t\t\t\t\t\t\t<\/div>\n\t\t\t\t<\/div>\n\t\t\t\t<\/div>\n\t\t\t\t\t<\/div>\n\t\t\t\t<\/div>\n\t\t<div class=\"elementor-element elementor-element-cc098e4 e-grid e-con-boxed e-con e-parent\" data-id=\"cc098e4\" data-element_type=\"container\" data-settings=\"{&quot;background_background&quot;:&quot;classic&quot;}\">\n\t\t\t\t\t<div class=\"e-con-inner\">\n\t\t<div class=\"elementor-element elementor-element-76e8d3b e-con-full e-flex e-con e-child\" data-id=\"76e8d3b\" data-element_type=\"container\">\n\t\t\t\t<div class=\"elementor-element elementor-element-5c6297c elementor-widget elementor-widget-image\" data-id=\"5c6297c\" data-element_type=\"widget\" data-widget_type=\"image.default\">\n\t\t\t\t<div class=\"elementor-widget-container\">\n\t\t\t\t\t\t\t\t\t\t\t\t\t\t\t<img loading=\"lazy\" decoding=\"async\" width=\"800\" height=\"450\" src=\"https:\/\/musikservice-breuer.de\/wp-content\/uploads\/2024\/11\/Hochzeitmesse-NMS-Wolfgang-mit-Bildschirmanlage.jpg\" class=\"attachment-large size-large wp-image-30\" alt=\"\" srcset=\"https:\/\/musikservice-breuer.de\/wp-content\/uploads\/2024\/11\/Hochzeitmesse-NMS-Wolfgang-mit-Bildschirmanlage.jpg 960w, https:\/\/musikservice-breuer.de\/wp-content\/uploads\/2024\/11\/Hochzeitmesse-NMS-Wolfgang-mit-Bildschirmanlage-300x169.jpg 300w, https:\/\/musikservice-breuer.de\/wp-content\/uploads\/2024\/11\/Hochzeitmesse-NMS-Wolfgang-mit-Bildschirmanlage-768x432.jpg 768w\" sizes=\"(max-width: 800px) 100vw, 800px\" \/>\t\t\t\t\t\t\t\t\t\t\t\t\t\t\t<\/div>\n\t\t\t\t<\/div>\n\t\t\t\t<\/div>\n\t\t<div class=\"elementor-element elementor-element-cb4f9bc e-con-full e-flex e-con e-child\" data-id=\"cb4f9bc\" data-element_type=\"container\">\n\t\t\t\t<div class=\"elementor-element elementor-element-783043d elementor-widget elementor-widget-image\" data-id=\"783043d\" data-element_type=\"widget\" data-widget_type=\"image.default\">\n\t\t\t\t<div class=\"elementor-widget-container\">\n\t\t\t\t\t\t\t\t\t\t\t\t\t\t\t<img loading=\"lazy\" decoding=\"async\" width=\"631\" height=\"570\" src=\"https:\/\/musikservice-breuer.de\/wp-content\/uploads\/2025\/01\/Anlage-Sportheim-WTSV-bearb.jpg\" class=\"attachment-large size-large wp-image-355\" alt=\"\" srcset=\"https:\/\/musikservice-breuer.de\/wp-content\/uploads\/2025\/01\/Anlage-Sportheim-WTSV-bearb.jpg 631w, https:\/\/musikservice-breuer.de\/wp-content\/uploads\/2025\/01\/Anlage-Sportheim-WTSV-bearb-300x271.jpg 300w\" sizes=\"(max-width: 631px) 100vw, 631px\" \/>\t\t\t\t\t\t\t\t\t\t\t\t\t\t\t<\/div>\n\t\t\t\t<\/div>\n\t\t\t\t<\/div>\n\t\t<div class=\"elementor-element elementor-element-0dfecd4 e-con-full e-flex e-con e-child\" data-id=\"0dfecd4\" data-element_type=\"container\">\n\t\t\t\t<div class=\"elementor-element elementor-element-7052bda elementor-widget elementor-widget-image\" data-id=\"7052bda\" data-element_type=\"widget\" data-widget_type=\"image.default\">\n\t\t\t\t<div class=\"elementor-widget-container\">\n\t\t\t\t\t\t\t\t\t\t\t\t\t\t\t<img loading=\"lazy\" decoding=\"async\" width=\"800\" height=\"640\" src=\"https:\/\/musikservice-breuer.de\/wp-content\/uploads\/2025\/01\/Anlage-Schuetzengildet.jpg\" class=\"attachment-large size-large wp-image-354\" alt=\"\" srcset=\"https:\/\/musikservice-breuer.de\/wp-content\/uploads\/2025\/01\/Anlage-Schuetzengildet.jpg 893w, https:\/\/musikservice-breuer.de\/wp-content\/uploads\/2025\/01\/Anlage-Schuetzengildet-300x240.jpg 300w, https:\/\/musikservice-breuer.de\/wp-content\/uploads\/2025\/01\/Anlage-Schuetzengildet-768x614.jpg 768w\" sizes=\"(max-width: 800px) 100vw, 800px\" \/>\t\t\t\t\t\t\t\t\t\t\t\t\t\t\t<\/div>\n\t\t\t\t<\/div>\n\t\t\t\t<\/div>\n\t\t\t\t\t<\/div>\n\t\t\t\t<\/div>\n\t\t<div class=\"elementor-element elementor-element-5fc9f29 e-grid e-con-boxed e-con e-parent\" data-id=\"5fc9f29\" data-element_type=\"container\" data-settings=\"{&quot;background_background&quot;:&quot;classic&quot;}\">\n\t\t\t\t\t<div class=\"e-con-inner\">\n\t\t<div class=\"elementor-element elementor-element-0f82b78 e-con-full e-flex e-con e-child\" data-id=\"0f82b78\" data-element_type=\"container\">\n\t\t\t\t<div class=\"elementor-element elementor-element-283c5dd elementor-widget elementor-widget-image\" data-id=\"283c5dd\" data-element_type=\"widget\" data-widget_type=\"image.default\">\n\t\t\t\t<div class=\"elementor-widget-container\">\n\t\t\t\t\t\t\t\t\t\t\t\t\t\t\t<img loading=\"lazy\" decoding=\"async\" width=\"800\" height=\"623\" src=\"https:\/\/musikservice-breuer.de\/wp-content\/uploads\/2024\/11\/S2-Bildschirmanlage-b-1024x797.jpg\" class=\"attachment-large size-large wp-image-102\" alt=\"\" srcset=\"https:\/\/musikservice-breuer.de\/wp-content\/uploads\/2024\/11\/S2-Bildschirmanlage-b-1024x797.jpg 1024w, https:\/\/musikservice-breuer.de\/wp-content\/uploads\/2024\/11\/S2-Bildschirmanlage-b-300x234.jpg 300w, https:\/\/musikservice-breuer.de\/wp-content\/uploads\/2024\/11\/S2-Bildschirmanlage-b-768x598.jpg 768w, https:\/\/musikservice-breuer.de\/wp-content\/uploads\/2024\/11\/S2-Bildschirmanlage-b.jpg 1070w\" sizes=\"(max-width: 800px) 100vw, 800px\" \/>\t\t\t\t\t\t\t\t\t\t\t\t\t\t\t<\/div>\n\t\t\t\t<\/div>\n\t\t\t\t<\/div>\n\t\t<div class=\"elementor-element elementor-element-61f1d49 e-con-full e-flex e-con e-child\" data-id=\"61f1d49\" data-element_type=\"container\">\n\t\t\t\t<div class=\"elementor-element elementor-element-12ff161 elementor-widget elementor-widget-image\" data-id=\"12ff161\" data-element_type=\"widget\" data-widget_type=\"image.default\">\n\t\t\t\t<div class=\"elementor-widget-container\">\n\t\t\t\t\t\t\t\t\t\t\t\t\t\t\t<img loading=\"lazy\" decoding=\"async\" width=\"800\" height=\"534\" src=\"https:\/\/musikservice-breuer.de\/wp-content\/uploads\/2025\/01\/IMG_2309-1024x683.jpg\" class=\"attachment-large size-large wp-image-363\" alt=\"\" srcset=\"https:\/\/musikservice-breuer.de\/wp-content\/uploads\/2025\/01\/IMG_2309-1024x683.jpg 1024w, https:\/\/musikservice-breuer.de\/wp-content\/uploads\/2025\/01\/IMG_2309-300x200.jpg 300w, https:\/\/musikservice-breuer.de\/wp-content\/uploads\/2025\/01\/IMG_2309-768x512.jpg 768w, https:\/\/musikservice-breuer.de\/wp-content\/uploads\/2025\/01\/IMG_2309-1536x1024.jpg 1536w, https:\/\/musikservice-breuer.de\/wp-content\/uploads\/2025\/01\/IMG_2309-2048x1365.jpg 2048w\" sizes=\"(max-width: 800px) 100vw, 800px\" \/>\t\t\t\t\t\t\t\t\t\t\t\t\t\t\t<\/div>\n\t\t\t\t<\/div>\n\t\t\t\t<\/div>\n\t\t<div class=\"elementor-element elementor-element-c497476 e-con-full e-flex e-con e-child\" data-id=\"c497476\" data-element_type=\"container\">\n\t\t\t\t<div class=\"elementor-element elementor-element-6b47a57 elementor-widget elementor-widget-image\" data-id=\"6b47a57\" data-element_type=\"widget\" data-widget_type=\"image.default\">\n\t\t\t\t<div class=\"elementor-widget-container\">\n\t\t\t\t\t\t\t\t\t\t\t\t\t\t\t<img loading=\"lazy\" decoding=\"async\" width=\"800\" height=\"600\" src=\"https:\/\/musikservice-breuer.de\/wp-content\/uploads\/2024\/11\/Video-Bildschirmanlage-mit-Smartphon-Steuerung-1024x768.jpg\" class=\"attachment-large size-large wp-image-33\" alt=\"\" srcset=\"https:\/\/musikservice-breuer.de\/wp-content\/uploads\/2024\/11\/Video-Bildschirmanlage-mit-Smartphon-Steuerung-1024x768.jpg 1024w, https:\/\/musikservice-breuer.de\/wp-content\/uploads\/2024\/11\/Video-Bildschirmanlage-mit-Smartphon-Steuerung-300x225.jpg 300w, https:\/\/musikservice-breuer.de\/wp-content\/uploads\/2024\/11\/Video-Bildschirmanlage-mit-Smartphon-Steuerung-768x576.jpg 768w, https:\/\/musikservice-breuer.de\/wp-content\/uploads\/2024\/11\/Video-Bildschirmanlage-mit-Smartphon-Steuerung-1536x1152.jpg 1536w, https:\/\/musikservice-breuer.de\/wp-content\/uploads\/2024\/11\/Video-Bildschirmanlage-mit-Smartphon-Steuerung-2048x1536.jpg 2048w\" sizes=\"(max-width: 800px) 100vw, 800px\" \/>\t\t\t\t\t\t\t\t\t\t\t\t\t\t\t<\/div>\n\t\t\t\t<\/div>\n\t\t\t\t<\/div>\n\t\t\t\t\t<\/div>\n\t\t\t\t<\/div>\n\t\t<div class=\"elementor-element elementor-element-3d47a6e e-flex e-con-boxed e-con e-parent\" data-id=\"3d47a6e\" data-element_type=\"container\">\n\t\t\t\t\t<div class=\"e-con-inner\">\n\t\t\t\t<div class=\"elementor-element elementor-element-20448aa elementor-widget elementor-widget-video\" data-id=\"20448aa\" data-element_type=\"widget\" data-settings=\"{&quot;video_type&quot;:&quot;hosted&quot;,&quot;controls&quot;:&quot;yes&quot;}\" data-widget_type=\"video.default\">\n\t\t\t\t<div class=\"elementor-widget-container\">\n\t\t\t\t\t\t\t<div class=\"e-hosted-video elementor-wrapper elementor-open-inline\">\n\t\t\t\t\t<video class=\"elementor-video\" src=\"https:\/\/musikservice-breuer.de\/wp-content\/uploads\/2025\/11\/Status-Video-Disco-Club-Open-Air.mp4\" controls=\"\" preload=\"metadata\" controlsList=\"nodownload\"><\/video>\n\t\t\t\t<\/div>\n\t\t\t\t\t\t<\/div>\n\t\t\t\t<\/div>\n\t\t\t\t\t<\/div>\n\t\t\t\t<\/div>\n\t\t\t\t<\/div>\n\t\t","protected":false},"excerpt":{"rendered":"<p>Der DJ und Moderator Wolfgang Breuer ist mit seiner innovativen Bildschirmanlage in Norddeutschland unterwegs. Informationen zum Skypen. Neu f\u00fcr Veranstaltungen ist die M\u00f6glichkeit, per Video-Chat bzw. Skype das Bildtelefonieren zu erm\u00f6glichen. Der Anrufer wird auf dem Bildschirm\u00a0\u00a0\u00a0\u00a0\u00a0\u00a0\u00a0\u00a0\u00a0\u00a0 gezeigt und sieht \u00fcber meine Kamera ins Publikum. Bei Stadt- oder Sch\u00fctzenfesten usw. k\u00f6nnen K\u00fcnstler ihre Gru\u00dfbotschaften schicken. [&hellip;]<\/p>\n","protected":false},"author":1,"featured_media":0,"parent":0,"menu_order":0,"comment_status":"closed","ping_status":"closed","template":"","meta":{"inline_featured_image":false,"footnotes":""},"class_list":["post-65","page","type-page","status-publish","hentry"],"_links":{"self":[{"href":"https:\/\/musikservice-breuer.de\/index.php?rest_route=\/wp\/v2\/pages\/65","targetHints":{"allow":["GET"]}}],"collection":[{"href":"https:\/\/musikservice-breuer.de\/index.php?rest_route=\/wp\/v2\/pages"}],"about":[{"href":"https:\/\/musikservice-breuer.de\/index.php?rest_route=\/wp\/v2\/types\/page"}],"author":[{"embeddable":true,"href":"https:\/\/musikservice-breuer.de\/index.php?rest_route=\/wp\/v2\/users\/1"}],"replies":[{"embeddable":true,"href":"https:\/\/musikservice-breuer.de\/index.php?rest_route=%2Fwp%2Fv2%2Fcomments&post=65"}],"version-history":[{"count":82,"href":"https:\/\/musikservice-breuer.de\/index.php?rest_route=\/wp\/v2\/pages\/65\/revisions"}],"predecessor-version":[{"id":793,"href":"https:\/\/musikservice-breuer.de\/index.php?rest_route=\/wp\/v2\/pages\/65\/revisions\/793"}],"wp:attachment":[{"href":"https:\/\/musikservice-breuer.de\/index.php?rest_route=%2Fwp%2Fv2%2Fmedia&parent=65"}],"curies":[{"name":"wp","href":"https:\/\/api.w.org\/{rel}","templated":true}]}}